{"id":1520,"date":"2026-02-21T19:48:22","date_gmt":"2026-02-21T19:48:22","guid":{"rendered":"https:\/\/airballoonmarrakech.com\/?page_id=1520"},"modified":"2026-03-10T12:51:37","modified_gmt":"2026-03-10T12:51:37","slug":"flights","status":"publish","type":"page","link":"https:\/\/airballoonmarrakech.com\/en\/flights\/","title":{"rendered":"flights"},"content":{"rendered":"\t\t<div data-elementor-type=\"wp-page\" data-elementor-id=\"1520\" class=\"elementor elementor-1520\">\n\t\t\t\t<div class=\"elementor-element elementor-element-84f8cc4 e-flex e-con-boxed e-con e-parent\" data-id=\"84f8cc4\" data-element_type=\"container\" data-e-type=\"container\" data-settings=\"{&quot;background_background&quot;:&quot;classic&quot;}\">\n\t\t\t\t\t<div class=\"e-con-inner\">\n\t\t<div class=\"elementor-element elementor-element-3599556 e-con-full e-flex e-con e-child\" data-id=\"3599556\" data-element_type=\"container\" data-e-type=\"container\">\n\t\t\t\t<div class=\"elementor-element elementor-element-cda5ca5 elementor-widget elementor-widget-heading\" data-id=\"cda5ca5\" data-element_type=\"widget\" data-e-type=\"widget\" data-widget_type=\"heading.default\">\n\t\t\t\t\t<h2 class=\"elementor-heading-title elementor-size-default\">Exp\u00e9riences en montgolfi\u00e8re<\/h2>\t\t\t\t<\/div>\n\t\t\t\t<div class=\"elementor-element elementor-element-b9072c6 elementor-widget elementor-widget-text-editor\" data-id=\"b9072c6\" data-element_type=\"widget\" data-e-type=\"widget\" data-widget_type=\"text-editor.default\">\n\t\t\t\t\t\t\t\t\t<p>Vols au lever du soleil au-dessus des montagnes de l\u2019Atlas. Une aventure inoubliable \u00e0 Marrakech.<\/p>\t\t\t\t\t\t\t\t<\/div>\n\t\t<div class=\"elementor-element elementor-element-2021f2e e-flex e-con-boxed e-con e-child\" data-id=\"2021f2e\" data-element_type=\"container\" data-e-type=\"container\">\n\t\t\t\t\t<div class=\"e-con-inner\">\n\t\t\t\t<div class=\"elementor-element elementor-element-2494663 elementor-widget elementor-widget-rating\" data-id=\"2494663\" data-element_type=\"widget\" data-e-type=\"widget\" data-widget_type=\"rating.default\">\n\t\t\t\t\t\t\t<div class=\"e-rating\" itemtype=\"https:\/\/schema.org\/Rating\" itemscope=\"\" itemprop=\"reviewRating\">\n\t\t\t<meta itemprop=\"worstRating\" content=\"0\">\n\t\t\t<meta itemprop=\"bestRating\" content=\"4\">\n\t\t\t<div class=\"e-rating-wrapper\" itemprop=\"ratingValue\" content=\"4.8\" role=\"img\" aria-label=\"Rated 4.8 out of 4\">\n\t\t\t\t\t\t\t<div class=\"e-icon\">\n\t\t\t\t<div class=\"e-icon-wrapper e-icon-marked\">\n\t\t\t\t\t<svg aria-hidden=\"true\" class=\"e-font-icon-svg e-eicon-star\" viewBox=\"0 0 1000 1000\" xmlns=\"http:\/\/www.w3.org\/2000\/svg\"><path d=\"M450 75L338 312 88 350C46 354 25 417 58 450L238 633 196 896C188 942 238 975 275 954L500 837 725 954C767 975 813 942 804 896L763 633 942 450C975 417 954 358 913 350L663 312 550 75C529 33 471 33 450 75Z\"><\/path><\/svg>\t\t\t\t<\/div>\n\t\t\t\t<div class=\"e-icon-wrapper e-icon-unmarked\">\n\t\t\t\t\t<svg aria-hidden=\"true\" class=\"e-font-icon-svg e-eicon-star\" viewBox=\"0 0 1000 1000\" xmlns=\"http:\/\/www.w3.org\/2000\/svg\"><path d=\"M450 75L338 312 88 350C46 354 25 417 58 450L238 633 196 896C188 942 238 975 275 954L500 837 725 954C767 975 813 942 804 896L763 633 942 450C975 417 954 358 913 350L663 312 550 75C529 33 471 33 450 75Z\"><\/path><\/svg>\t\t\t\t<\/div>\n\t\t\t<\/div>\n\t\t\t\t\t\t<div class=\"e-icon\">\n\t\t\t\t<div class=\"e-icon-wrapper e-icon-marked\">\n\t\t\t\t\t<svg aria-hidden=\"true\" class=\"e-font-icon-svg e-eicon-star\" viewBox=\"0 0 1000 1000\" xmlns=\"http:\/\/www.w3.org\/2000\/svg\"><path d=\"M450 75L338 312 88 350C46 354 25 417 58 450L238 633 196 896C188 942 238 975 275 954L500 837 725 954C767 975 813 942 804 896L763 633 942 450C975 417 954 358 913 350L663 312 550 75C529 33 471 33 450 75Z\"><\/path><\/svg>\t\t\t\t<\/div>\n\t\t\t\t<div class=\"e-icon-wrapper e-icon-unmarked\">\n\t\t\t\t\t<svg aria-hidden=\"true\" class=\"e-font-icon-svg e-eicon-star\" viewBox=\"0 0 1000 1000\" xmlns=\"http:\/\/www.w3.org\/2000\/svg\"><path d=\"M450 75L338 312 88 350C46 354 25 417 58 450L238 633 196 896C188 942 238 975 275 954L500 837 725 954C767 975 813 942 804 896L763 633 942 450C975 417 954 358 913 350L663 312 550 75C529 33 471 33 450 75Z\"><\/path><\/svg>\t\t\t\t<\/div>\n\t\t\t<\/div>\n\t\t\t\t\t\t<div class=\"e-icon\">\n\t\t\t\t<div class=\"e-icon-wrapper e-icon-marked\">\n\t\t\t\t\t<svg aria-hidden=\"true\" class=\"e-font-icon-svg e-eicon-star\" viewBox=\"0 0 1000 1000\" xmlns=\"http:\/\/www.w3.org\/2000\/svg\"><path d=\"M450 75L338 312 88 350C46 354 25 417 58 450L238 633 196 896C188 942 238 975 275 954L500 837 725 954C767 975 813 942 804 896L763 633 942 450C975 417 954 358 913 350L663 312 550 75C529 33 471 33 450 75Z\"><\/path><\/svg>\t\t\t\t<\/div>\n\t\t\t\t<div class=\"e-icon-wrapper e-icon-unmarked\">\n\t\t\t\t\t<svg aria-hidden=\"true\" class=\"e-font-icon-svg e-eicon-star\" viewBox=\"0 0 1000 1000\" xmlns=\"http:\/\/www.w3.org\/2000\/svg\"><path d=\"M450 75L338 312 88 350C46 354 25 417 58 450L238 633 196 896C188 942 238 975 275 954L500 837 725 954C767 975 813 942 804 896L763 633 942 450C975 417 954 358 913 350L663 312 550 75C529 33 471 33 450 75Z\"><\/path><\/svg>\t\t\t\t<\/div>\n\t\t\t<\/div>\n\t\t\t\t\t\t<div class=\"e-icon\">\n\t\t\t\t<div class=\"e-icon-wrapper e-icon-marked\">\n\t\t\t\t\t<svg aria-hidden=\"true\" class=\"e-font-icon-svg e-eicon-star\" viewBox=\"0 0 1000 1000\" xmlns=\"http:\/\/www.w3.org\/2000\/svg\"><path d=\"M450 75L338 312 88 350C46 354 25 417 58 450L238 633 196 896C188 942 238 975 275 954L500 837 725 954C767 975 813 942 804 896L763 633 942 450C975 417 954 358 913 350L663 312 550 75C529 33 471 33 450 75Z\"><\/path><\/svg>\t\t\t\t<\/div>\n\t\t\t\t<div class=\"e-icon-wrapper e-icon-unmarked\">\n\t\t\t\t\t<svg aria-hidden=\"true\" class=\"e-font-icon-svg e-eicon-star\" viewBox=\"0 0 1000 1000\" xmlns=\"http:\/\/www.w3.org\/2000\/svg\"><path d=\"M450 75L338 312 88 350C46 354 25 417 58 450L238 633 196 896C188 942 238 975 275 954L500 837 725 954C767 975 813 942 804 896L763 633 942 450C975 417 954 358 913 350L663 312 550 75C529 33 471 33 450 75Z\"><\/path><\/svg>\t\t\t\t<\/div>\n\t\t\t<\/div>\n\t\t\t\t\t\t<\/div>\n\t\t<\/div>\n\t\t\t\t\t\t<\/div>\n\t\t\t\t<div class=\"elementor-element elementor-element-e827011 elementor-widget__width-initial elementor-widget elementor-widget-text-editor\" data-id=\"e827011\" data-element_type=\"widget\" data-e-type=\"widget\" data-widget_type=\"text-editor.default\">\n\t\t\t\t\t\t\t\t\t<p>Marrakech, Morocco<\/p>\t\t\t\t\t\t\t\t<\/div>\n\t\t\t\t\t<\/div>\n\t\t\t\t<\/div>\n\t\t\t\t<\/div>\n\t\t<div class=\"elementor-element elementor-element-60d5906 e-con-full e-flex e-con e-child\" data-id=\"60d5906\" data-element_type=\"container\" data-e-type=\"container\">\n\t\t\t\t<\/div>\n\t\t\t\t\t<\/div>\n\t\t\t\t<\/div>\n\t\t<div class=\"elementor-element elementor-element-cf1c696 e-flex e-con-boxed e-con e-parent\" data-id=\"cf1c696\" data-element_type=\"container\" data-e-type=\"container\" data-settings=\"{&quot;background_background&quot;:&quot;gradient&quot;}\">\n\t\t\t\t\t<div class=\"e-con-inner\">\n\t\t\t\t<div class=\"elementor-element elementor-element-f6f981e elementor-widget elementor-widget-heading\" data-id=\"f6f981e\" data-element_type=\"widget\" data-e-type=\"widget\" data-widget_type=\"heading.default\">\n\t\t\t\t\t<h2 class=\"elementor-heading-title elementor-size-default\">Nos forfaits <\/h2>\t\t\t\t<\/div>\n\t\t\t\t<div class=\"elementor-element elementor-element-5a398e7 elementor-widget elementor-widget-heading\" data-id=\"5a398e7\" data-element_type=\"widget\" data-e-type=\"widget\" data-widget_type=\"heading.default\">\n\t\t\t\t\t<h2 class=\"elementor-heading-title elementor-size-default\">Choisissez votre aventure<\/h2>\t\t\t\t<\/div>\n\t\t\t\t<div class=\"elementor-element elementor-element-4477b75 elementor-widget elementor-widget-text-editor\" data-id=\"4477b75\" data-element_type=\"widget\" data-e-type=\"widget\" data-widget_type=\"text-editor.default\">\n\t\t\t\t\t\t\t\t\t<p>Parcourez notre collection de moments inoubliables captur\u00e9s lors de nos aventures en montgolfi\u00e8re.<\/p>\t\t\t\t\t\t\t\t<\/div>\n\t\t\t\t<div class=\"elementor-element elementor-element-8ba461e   elementor-widget elementor-widget-catalogbooking\" data-id=\"8ba461e\" data-element_type=\"widget\" data-e-type=\"widget\" id=\"booking\" data-widget_type=\"catalogbooking.default\">\n\t\t\t\t<div class=\"elementor-widget-container\">\n\t\t\t\t\t\n<script>\n  if (typeof hasAmeliaEntitiesApiCall === 'undefined' && ('' === '' && '' !== '1')) {\n    var hasAmeliaEntitiesApiCall = true;\n  }\n  var ameliaShortcodeData = (typeof ameliaShortcodeData === 'undefined') ? [] : ameliaShortcodeData;\n  ameliaShortcodeData.push(\n    {\n      'hasApiCall': (typeof hasAmeliaEntitiesApiCall !== 'undefined') && hasAmeliaEntitiesApiCall,\n      'trigger': '',\n      'trigger_type': '',\n      'triggered_form': 'cbf',\n      'in_dialog': '',\n      'show': '',\n      'counter': '1000',\n      'package': '',\n      'category': '',\n      'service': '',\n      'employee': '',\n      'location': '',\n      'categories_hidden': '1'\n    }\n  );\n  var ameliaShortcodeDataTriggered = (typeof ameliaShortcodeDataTriggered === 'undefined') ? [] : ameliaShortcodeDataTriggered;\n  if (ameliaShortcodeData[ameliaShortcodeData.length - 1].trigger !== '') {\n    if (ameliaShortcodeDataTriggered.filter(a => a.counter === ameliaShortcodeData[ameliaShortcodeData.length - 1].counter).length === 0) {\n      ameliaShortcodeDataTriggered.push(ameliaShortcodeData.pop());\n    } else {\n      ameliaShortcodeData.pop()\n    }\n  }\n  if (typeof hasAmeliaEntitiesApiCall !== 'undefined' && hasAmeliaEntitiesApiCall) {\n    hasAmeliaEntitiesApiCall = false;\n  }\n<\/script>\n\n<div\n  id=\"amelia-v2-booking-1000\"\n  class=\"amelia-v2-booking\"\n>\n    <catalog-form-wrapper><\/catalog-form-wrapper><\/div>\n\t\t\t\t<\/div>\n\t\t\t\t<\/div>\n\t\t\t\t\t<\/div>\n\t\t\t\t<\/div>\n\t\t<div class=\"elementor-element elementor-element-067fd64 e-con-full elementor-hidden-desktop elementor-hidden-tablet elementor-hidden-mobile e-flex e-con e-parent\" data-id=\"067fd64\" data-element_type=\"container\" data-e-type=\"container\" data-settings=\"{&quot;background_background&quot;:&quot;classic&quot;}\">\n\t\t\t\t<div class=\"elementor-element elementor-element-41d946f elementor-widget elementor-widget-travil_trip\" data-id=\"41d946f\" data-element_type=\"widget\" data-e-type=\"widget\" data-widget_type=\"travil_trip.default\">\n\t\t\t\t<div class=\"elementor-widget-container\">\n\t\t\t\t\t<section class=\"tour-places-section-4 fix section-padding\"><div class=\"container\"><div class=\"section-title text-center\"><span class=\"wow fadeInUp\">Nos forfaits\n<\/span><h2 class=\"wow fadeInUp\" data-wow-delay=\".3s\">Choisissez votre aventure<\/h2><p class=\"mt-3 mt-mb-0 wow fadeInUp\" data-wow-delay=\".5s\">Parcourez notre collection de moments inoubliables captur\u00e9s lors de nos aventures en montgolfi\u00e8re.<\/p> <\/div><div class=\"row\"><div class=\"col-lg-12\"><div class=\"tour-places-wrapper-4 wow fadeInUp\" data-wow-delay=\"0.5s\"><div class=\"content\"><span>Marrakech<\/span><h3><a href=\"https:\/\/ghostwhite-hummingbird-900042.hostingersite.com\/flight\/vol-classique-en-montgolfiere-marrakech\/\" target=\"_blank\" rel=\"noopener\">Vol en Montgolfi\u00e8re au Lever du Soleil \u00e0 Marrakech<\/a><\/h3><p>\u00c9levez-vous au-dessus de Marrakech et vivez une exp\u00e9rience unique au lever du soleil ! Admirez la Palmeraie, les dunes et les majestueuses montagnes de l\u2019Atlas depuis votre montgolfi\u00e8re. Chaque instant offre des panoramas incroyables, parfaits pour des photos inoubliables.\nUne exp\u00e9rience magique, s\u00fbre et m\u00e9morable qui restera grav\u00e9e dans vos souvenirs. R\u00e9servez d\u00e8s maintenant et transformez votre matin\u00e9e en aventure extraordinaire !<\/p><\/div><ul class=\"list\"><li><div class=\"star\"><a href=\"#\"><i class=\"fas fa-star\"><\/i><\/a><a href=\"#\"><i class=\"fas fa-star\"><\/i><\/a><a href=\"#\"><i class=\"fas fa-star\"><\/i><\/a><a href=\"#\"><i class=\"fas fa-star\"><\/i><\/a><a href=\"#\"><i class=\"fas fa-star\"><\/i><\/a><span>(295)<\/span><\/div><\/li><li><i class=\"far fa-map-marker-alt\"><\/i>Marrakech<\/li><li><i class=\"far fa-calendar-minus\"><\/i>70 min du vol<\/li><\/ul><div class=\"thumb\"><img decoding=\"async\" src=\"https:\/\/airballoonmarrakech.com\/wp-content\/uploads\/2026\/02\/double-experience-5-1.png\" alt=\"img\"><span class=\"price-list bg-1\"><div class=\"price-box\">\n  <div class=\"old-price\">\n    220 EUR | 2250 MAD\n  <\/div>\n  <div class=\"new-price\">\n    139 EUR | 1399 MAD\n  <\/div>\n<\/div><\/span><\/div><\/div><div class=\"tour-places-wrapper-4 wow fadeInUp\" data-wow-delay=\"0.7s\"><div class=\"content\"><span>Marrakech<\/span><h3><a href=\"https:\/\/airballoonmarrakech.com\/flight\/vol-en-montgolfiere-avec-2-heures-en-quad\/\">Vol en montgolfi\u00e8re avec 2 heures en quad<\/a><\/h3><p>Le plaisir f\u00e9erique d\u2019un voyage dans les airs en montgolfi\u00e8re, avec tout le charme de l\u2019hospitalit\u00e9 marocaine. AirBalloonMarrakech  vous donne rendez-vous pour une demi-journ\u00e9e d\u2019aventure en montgolfi\u00e8re \u00e0 Marrakech Juste apr\u00e8s le lever du soleil.<\/p><\/div><ul class=\"list\"><li><div class=\"star\"><a href=\"#\"><i class=\"fas fa-star\"><\/i><\/a><a href=\"#\"><i class=\"fas fa-star\"><\/i><\/a><a href=\"#\"><i class=\"fas fa-star\"><\/i><\/a><a href=\"#\"><i class=\"fas fa-star\"><\/i><\/a><a href=\"#\"><i class=\"fas fa-star\"><\/i><\/a><span>(95)<\/span><\/div><\/li><li><i class=\"far fa-map-marker-alt\"><\/i>Marrakech<\/li><li><i class=\"far fa-calendar-minus\"><\/i>70 min du vol<\/li><\/ul><div class=\"thumb\"><img decoding=\"async\" src=\"https:\/\/airballoonmarrakech.com\/wp-content\/uploads\/2026\/02\/Double-Experiencetour2.png\" alt=\"img\"><span class=\"price-list bg-2\"><div class=\"price-box\">\n  <div class=\"old-price\">\n    255 EUR | 2600 MAD\n  <\/div>\n  <div class=\"new-price\">\n    158 EUR | 1580 MAD\n  <\/div>\n<\/div><\/span><\/div><\/div><div class=\"tour-places-wrapper-4 wow fadeInUp\" data-wow-delay=\"0.9s\"><div class=\"content\"><span>Marrakech<\/span><h3><a href=\"https:\/\/airballoonmarrakech.com\/flight\/vol-en-montgolfiere-et-promenade-a-dos-de-chameau\/\">Vol en montgolfi\u00e8re et promenade \u00e0 dos de chameau<\/a><\/h3><p>Profitez d\u2019une vue a\u00e9rienne sur les d\u00e9serts du Maroc et les contreforts des montagnes de l\u2019Atlas lors d\u2019un vol en montgolfi\u00e8re au lever du soleil depuis Marrakech\nPuis, atterrissez en toute s\u00e9curit\u00e9 sur le sol pour profiter d\u2019un savoureux petit-d\u00e9jeuner berb\u00e8re et d\u2019une m\u00e9morable promenade \u00e0 dos de chameau. Un certificat de vol pour comm\u00e9morer votre vol en montgolfi\u00e8re est \u00e9galement inclus.<\/p><\/div><ul class=\"list\"><li><div class=\"star\"><a href=\"#\"><i class=\"fas fa-star\"><\/i><\/a><a href=\"#\"><i class=\"fas fa-star\"><\/i><\/a><a href=\"#\"><i class=\"fas fa-star\"><\/i><\/a><a href=\"#\"><i class=\"fas fa-star\"><\/i><\/a><a href=\"#\"><i class=\"fas fa-star\"><\/i><\/a><span>(119)<\/span><\/div><\/li><li><i class=\"far fa-map-marker-alt\"><\/i>Marrakech<\/li><li><i class=\"far fa-calendar-minus\"><\/i>70 min du vol<\/li><\/ul><div class=\"thumb\"><img decoding=\"async\" src=\"https:\/\/airballoonmarrakech.com\/wp-content\/uploads\/2026\/02\/httpsairballoonmarrakech.tour3_.png\" alt=\"img\"><span class=\"price-list bg-3\"><div class=\"price-box\">\n  <div class=\"old-price\">\n    250 EUR | 2300 MAD\n  <\/div>\n  <div class=\"new-price\">\n    153 EUR | 1550 MAD\n  <\/div>\n<\/div><\/span><\/div><\/div><div class=\"tour-places-wrapper-4 wow fadeInUp\" data-wow-delay=\"1.1s\"><div class=\"content\"><span>Marrakech<\/span><h3><a href=\"https:\/\/airballoonmarrakech.com\/flight\/vol-en-montgolfiere-avec-balade-en-quad-et-dromadaires\/\">Vol en montgolfi\u00e8re avec balade en Quad et dromadaires<\/a><\/h3><p>Le plaisir f\u00e9erique d\u2019un voyage dans les airs en montgolfi\u00e8re, avec tout le charme de l\u2019hospitalit\u00e9 marocaine. airBalloonMarrakech vous donne rendez-vous pour une demi-journ\u00e9e d\u2019aventure en montgolfi\u00e8re \u00e0 Marrakech Juste apr\u00e8s le lever du soleil ,Puis une balade en Quad et et promenade \u00e0 dos de chameau dans le d\u00e9sert<\/p><\/div><ul class=\"list\"><li><div class=\"star\"><a href=\"#\"><i class=\"fas fa-star\"><\/i><\/a><a href=\"#\"><i class=\"fas fa-star\"><\/i><\/a><a href=\"#\"><i class=\"fas fa-star\"><\/i><\/a><a href=\"#\"><i class=\"fas fa-star\"><\/i><\/a><a href=\"#\"><i class=\"fas fa-star\"><\/i><\/a><span>(109)<\/span><\/div><\/li><li><i class=\"far fa-map-marker-alt\"><\/i>Marrakech<\/li><li><i class=\"far fa-calendar-minus\"><\/i>6 Heures<\/li><\/ul><div class=\"thumb\"><img decoding=\"async\" src=\"https:\/\/airballoonmarrakech.com\/wp-content\/uploads\/2026\/02\/akech-montgolfiere-triple-experience.webp\" alt=\"img\"><span class=\"price-list bg-4\"><div class=\"price-box\">\n  <div class=\"old-price\">\n    270 EUR | 2800 MAD\n  <\/div>\n  <div class=\"new-price\">\n    210 EUR | 2100 MAD\n  <\/div>\n<\/div><\/span><\/div><\/div><div class=\"tour-places-wrapper-4 wow fadeInUp\" data-wow-delay=\"1.3s\"><div class=\"content\"><span>Marrakech<\/span><h3><a href=\"https:\/\/airballoonmarrakech.com\/flight\/vol-prive-en-montgolfiere\/\">Vol priv\u00e9 en montgolfi\u00e8re<\/a><\/h3><p>Un vol romantique et exclusif en montgolfi\u00e8re entre ciel et terre. Avec un service extraordinaire et unique. Cette activit\u00e9 est l\u2019occasion id\u00e9al pour d\u00e9couvrir les magnifiques paysages de Marrakech vus du ciel. Lors de ce bapt\u00eame de l\u2019air en ballon, vous monterez \u00e0 1000m<\/p><\/div><ul class=\"list\"><li><div class=\"star\"><a href=\"#\"><i class=\"fas fa-star\"><\/i><\/a><a href=\"#\"><i class=\"fas fa-star\"><\/i><\/a><a href=\"#\"><i class=\"fas fa-star\"><\/i><\/a><a href=\"#\"><i class=\"fas fa-star\"><\/i><\/a><a href=\"#\"><i class=\"fas fa-star\"><\/i><\/a><span>70<\/span><\/div><\/li><li><i class=\"far fa-map-marker-alt\"><\/i>Marrakech<\/li><li><i class=\"far fa-calendar-minus\"><\/i>70 min<\/li><\/ul><div class=\"thumb\"><img decoding=\"async\" src=\"https:\/\/airballoonmarrakech.com\/wp-content\/uploads\/2026\/02\/double-experience-6.png\" alt=\"img\"><span class=\"price-list bg-5\"><div class=\"price-box\">\n  <div class=\"old-price\">\n    520 EUR | 5300 MAD\n  <\/div>\n  <div class=\"new-price\">\n    450 EUR | 4600 MAD\n  <\/div>\n<\/div><\/span><\/div><\/div><div class=\"tour-places-wrapper-4 wow fadeInUp\" data-wow-delay=\"1.5s\"><div class=\"content\"><span>Marrakech<\/span><h3><a href=\"https:\/\/airballoonmarrakech.com\/flight\/vol-royal-en-montgolfiere\/\">Vol Royal en montgolfi\u00e8re<\/a><\/h3><p>Un vol priv\u00e9, un transport privatif, un vol rien que pour vous avec votre chauffeur de 4\u00d74, votre Pilote et votre \u00e9quipe de poursuite d\u00e9di\u00e9e. Service \u00e0 bord avec votre Steward de fruits pr\u00e9par\u00e9s et jus de fruits.\nProfitez d\u2019une vue inoubliable sur le Maroc authentique des Douars aux portes de Marrakech, les montagnes de Jbilets, la vall\u00e9e de l\u2019Oued Tensift et selon les conditions m\u00e9t\u00e9orologiques la cha\u00eene de montagnes de l\u2019Atlas.<\/p><\/div><ul class=\"list\"><li><div class=\"star\"><a href=\"#\"><i class=\"fas fa-star\"><\/i><\/a><a href=\"#\"><i class=\"fas fa-star\"><\/i><\/a><a href=\"#\"><i class=\"fas fa-star\"><\/i><\/a><a href=\"#\"><i class=\"fas fa-star\"><\/i><\/a><a href=\"#\"><i class=\"fas fa-star\"><\/i><\/a><span>(65)<\/span><\/div><\/li><li><i class=\"far fa-map-marker-alt\"><\/i>Marrakech<\/li><li><i class=\"far fa-calendar-minus\"><\/i>70 min du vol<\/li><\/ul><div class=\"thumb\"><img decoding=\"async\" src=\"https:\/\/airballoonmarrakech.com\/wp-content\/uploads\/2026\/02\/double-experience-7.png\" alt=\"img\"><span class=\"price-list bg-6\"><div class=\"price-box\">\n  <div class=\"old-price\">\n    610 EUR | 6100 MAD\n  <\/div>\n  <div class=\"new-price\">\n    560 EUR | 5600 MAD\n  <\/div>\n<\/div><\/span><\/div><\/div><\/div><\/div> <\/div><\/section>\t\t\t\t<\/div>\n\t\t\t\t<\/div>\n\t\t\t\t<\/div>\n\t\t\t\t<\/div>\n\t\t","protected":false},"excerpt":{"rendered":"<p>Exp\u00e9riences en montgolfi\u00e8re Vols au lever du soleil au-dessus des montagnes de l\u2019Atlas. Une aventure inoubliable \u00e0 Marrakech. Marrakech, Morocco Nos forfaits Choisissez votre aventure Parcourez notre collection de moments inoubliables captur\u00e9s lors de nos aventures en montgolfi\u00e8re. Nos forfaits Choisissez votre aventure Parcourez notre collection de moments inoubliables captur\u00e9s lors de nos aventures en&#8230;<\/p>","protected":false},"author":3,"featured_media":0,"parent":0,"menu_order":0,"comment_status":"closed","ping_status":"closed","template":"elementor_header_footer","meta":{"_monsterinsights_skip_tracking":false,"_monsterinsights_sitenote_active":false,"_monsterinsights_sitenote_note":"","_monsterinsights_sitenote_category":0,"footnotes":""},"class_list":["post-1520","page","type-page","status-publish","hentry"],"aioseo_notices":[],"_hostinger_reach_plugin_has_subscription_block":false,"_hostinger_reach_plugin_is_elementor":false,"_links":{"self":[{"href":"https:\/\/airballoonmarrakech.com\/en\/wp-json\/wp\/v2\/pages\/1520","targetHints":{"allow":["GET"]}}],"collection":[{"href":"https:\/\/airballoonmarrakech.com\/en\/wp-json\/wp\/v2\/pages"}],"about":[{"href":"https:\/\/airballoonmarrakech.com\/en\/wp-json\/wp\/v2\/types\/page"}],"author":[{"embeddable":true,"href":"https:\/\/airballoonmarrakech.com\/en\/wp-json\/wp\/v2\/users\/3"}],"replies":[{"embeddable":true,"href":"https:\/\/airballoonmarrakech.com\/en\/wp-json\/wp\/v2\/comments?post=1520"}],"version-history":[{"count":117,"href":"https:\/\/airballoonmarrakech.com\/en\/wp-json\/wp\/v2\/pages\/1520\/revisions"}],"predecessor-version":[{"id":2044,"href":"https:\/\/airballoonmarrakech.com\/en\/wp-json\/wp\/v2\/pages\/1520\/revisions\/2044"}],"wp:attachment":[{"href":"https:\/\/airballoonmarrakech.com\/en\/wp-json\/wp\/v2\/media?parent=1520"}],"curies":[{"name":"wp","href":"https:\/\/api.w.org\/{rel}","templated":true}]}}