{"id":585,"date":"2025-04-17T17:02:56","date_gmt":"2025-04-17T17:02:56","guid":{"rendered":"https:\/\/modinatheme.com\/travil\/?page_id=585"},"modified":"2026-02-22T02:20:00","modified_gmt":"2026-02-22T02:20:00","slug":"contact-us","status":"publish","type":"page","link":"https:\/\/airballoonmarrakech.com\/en\/contact-us\/","title":{"rendered":"Contact"},"content":{"rendered":"<div data-elementor-type=\"wp-page\" data-elementor-id=\"585\" class=\"elementor elementor-585\">\n\t\t\t\t<div class=\"elementor-element elementor-element-1784d6f e-flex e-con-boxed e-con e-parent\" data-id=\"1784d6f\" data-element_type=\"container\" data-e-type=\"container\">\n\t\t\t\t\t<div class=\"e-con-inner\">\n\t\t\t\t\t<\/div>\n\t\t\t\t<\/div>\n\t\t<div class=\"elementor-element elementor-element-7b137b2 e-flex e-con-boxed e-con e-parent\" data-id=\"7b137b2\" data-element_type=\"container\" data-e-type=\"container\">\n\t\t\t\t\t<div class=\"e-con-inner\">\n\t\t\t\t\t<\/div>\n\t\t\t\t<\/div>\n\t\t<div class=\"elementor-element elementor-element-0204ecd e-con-full e-flex e-con e-parent\" data-id=\"0204ecd\" data-element_type=\"container\" data-e-type=\"container\">\n\t\t\t\t<div class=\"elementor-element elementor-element-a7710b5 elementor-widget elementor-widget-travil-contact-us\" data-id=\"a7710b5\" data-element_type=\"widget\" data-e-type=\"widget\" data-widget_type=\"travil-contact-us.default\">\n\t\t\t\t<div class=\"elementor-widget-container\">\n\t\t\t\t\t\r\n\t\t\t\t<section class=\"contact-section section-padding fix\">\r\n\t\t\t\t\t\t\t<div class=\"shape-1\"><img decoding=\"async\" src=\"https:\/\/modinatheme.com\/travil\/wp-content\/uploads\/2025\/04\/01-2.png\" alt=\"shape 1\"><\/div>\r\n\t\t\t\t\t\t\t\t\t\t<div class=\"shape-2\"><img decoding=\"async\" src=\"https:\/\/modinatheme.com\/travil\/wp-content\/uploads\/2025\/04\/02-2.png\" alt=\"shape 2\"><\/div>\r\n\t\t\t\r\n\t\t\t<div class=\"container\">\r\n\t\t\t\t<div class=\"contact-wrapper\">\r\n\t\t\t\t\t<div class=\"row g-4 align-items-center\">\r\n\t\t\t\t\t\t<div class=\"col-lg-6\">\r\n\t\t\t\t\t\t\t<div class=\"contact-info-content ms-0\">\r\n\t\t\t\t\t\t\t\t<div class=\"section-title\">\r\n\t\t\t\t\t\t\t\t\t<span>Envoyer un Message<\/span>\r\n\t\t\t\t\t\t\t\t\t<h2>Vous avez une question ?<\/h2>\r\n\t\t\t\t\t\t\t\t<\/div>\r\n\t\t\t\t\t\t\t\t<p class=\"mt-4 mt-md-0\">Notre site de d\u00e9collage est situ\u00e9 dans la belle campagne pr\u00e8s de Marrakech, avec des vues imprenables sur les montagnes de l'Atlas.<\/p>\r\n\r\n\t\t\t\t\t\t\t\t<div class=\"contact-info\">\r\n\t\t\t\t\t\t\t\t\t<div class=\"contact-items\">\r\n\t\t\t\t\t\t\t\t\t\t<div class=\"icon\">\r\n\t\t\t\t\t\t\t\t\t\t\t\t\t\t\t\t\t\t\t\t\t\t\t<img decoding=\"async\" src=\"https:\/\/modinatheme.com\/travil\/wp-content\/uploads\/2025\/04\/email.svg\" alt=\"Location\">\r\n\t\t\t\t\t\t\t\t\t\t\t\t\t\t\t\t\t\t\t\t\t<\/div>\r\n\t\t\t\t\t\t\t\t\t\t<div class=\"content\">\r\n\t\t\t\t\t\t\t\t\t\t\t<span>Our Location<\/span>\r\n\t\t\t\t\t\t\t\t\t\t\t<h3>Marrakech<\/h3>\r\n\t\t\t\t\t\t\t\t\t\t<\/div>\r\n\t\t\t\t\t\t\t\t\t<\/div>\r\n\r\n\t\t\t\t\t\t\t\t\t<div class=\"contact-items\">\r\n\t\t\t\t\t\t\t\t\t\t<div class=\"icon\">\r\n\t\t\t\t\t\t\t\t\t\t\t\t\t\t\t\t\t\t\t\t\t\t\t<img decoding=\"async\" src=\"https:\/\/modinatheme.com\/travil\/wp-content\/uploads\/2025\/04\/location.svg\" alt=\"Phone\">\r\n\t\t\t\t\t\t\t\t\t\t\t\t\t\t\t\t\t\t\t\t\t<\/div>\r\n\t\t\t\t\t\t\t\t\t\t<div class=\"content\">\r\n\t\t\t\t\t\t\t\t\t\t\t<span>Phone Number<\/span>\r\n\t\t\t\t\t\t\t\t\t\t\t<h3><a href=\"tel:+212 680800069\">+212 680800069<\/a><\/h3>\r\n\t\t\t\t\t\t\t\t\t\t<\/div>\r\n\t\t\t\t\t\t\t\t\t<\/div>\r\n\r\n\t\t\t\t\t\t\t\t\t<div class=\"contact-items mb-0\">\r\n\t\t\t\t\t\t\t\t\t\t<div class=\"icon\">\r\n\t\t\t\t\t\t\t\t\t\t\t\t\t\t\t\t\t\t\t\t\t\t\t<img decoding=\"async\" src=\"https:\/\/modinatheme.com\/travil\/wp-content\/uploads\/2025\/04\/phone-1.svg\" alt=\"Email\">\r\n\t\t\t\t\t\t\t\t\t\t\t\t\t\t\t\t\t\t\t\t\t<\/div>\r\n\t\t\t\t\t\t\t\t\t\t<div class=\"content\">\r\n\t\t\t\t\t\t\t\t\t\t\t<span>Send Email<\/span>\r\n\t\t\t\t\t\t\t\t\t\t\t<h3><a href=\"mailto:contact@airballoonmarrakech.com\">contact@airballoonmarrakech.com<\/a><\/h3>\r\n\t\t\t\t\t\t\t\t\t\t<\/div>\r\n\t\t\t\t\t\t\t\t\t<\/div>\r\n\t\t\t\t\t\t\t\t<\/div>\r\n\t\t\t\t\t\t\t<\/div>\r\n\t\t\t\t\t\t<\/div>\r\n\r\n\t\t\t\t\t\t<div class=\"col-lg-6\">\r\n\t\t\t\t\t\t\t<div class=\"contact-content\">\r\n\t\t\t\t\t\t\t\t<h3>Envoyer un Message<\/h3>\r\n\t\t\t\t\t\t\t\t<p>Remplissez le formulaire ci-dessous et nous vous r\u00e9pondrons dans les plus brefs d\u00e9lais.<\/p>\r\n\t\t\t\t\t\t\t\t\t\t\t\t\t\t\t\t\t\n<div class=\"wpcf7 no-js\" id=\"wpcf7-f1324-o1\" lang=\"en-US\" dir=\"ltr\" data-wpcf7-id=\"1324\">\n<div class=\"screen-reader-response\"><p role=\"status\" aria-live=\"polite\" aria-atomic=\"true\"><\/p> <ul><\/ul><\/div>\n<form action=\"\/en\/wp-json\/wp\/v2\/pages\/585#wpcf7-f1324-o1\" method=\"post\" class=\"wpcf7-form init\" aria-label=\"Contact form\" novalidate=\"novalidate\" data-status=\"init\" data-trp-original-action=\"\/en\/wp-json\/wp\/v2\/pages\/585#wpcf7-f1324-o1\">\n<fieldset class=\"hidden-fields-container\"><input type=\"hidden\" name=\"_wpcf7\" value=\"1324\" \/><input type=\"hidden\" name=\"_wpcf7_version\" value=\"6.1.5\" \/><input type=\"hidden\" name=\"_wpcf7_locale\" value=\"en_US\" \/><input type=\"hidden\" name=\"_wpcf7_unit_tag\" value=\"wpcf7-f1324-o1\" \/><input type=\"hidden\" name=\"_wpcf7_container_post\" value=\"0\" \/><input type=\"hidden\" name=\"_wpcf7_posted_data_hash\" value=\"\" \/>\n<\/fieldset>\n<div class=\"contact-form-items\">\n\t<div class=\"row g-4\">\n\t\t<div class=\"col-lg-6 wow fadeInUp\" data-wow-delay=\".3s\">\n\t\t\t<div class=\"form-clt\">\n\t\t\t\t<p><span class=\"wpcf7-form-control-wrap\" data-name=\"your-email\"><input size=\"40\" maxlength=\"400\" class=\"wpcf7-form-control wpcf7-email wpcf7-validates-as-required wpcf7-text wpcf7-validates-as-email\" id=\"email11\" aria-required=\"true\" aria-invalid=\"false\" placeholder=\"Enter email\" value=\"\" type=\"email\" name=\"your-email\" \/><\/span>\n\t\t\t\t<\/p>\n\t\t\t<\/div>\n\t\t<\/div>\n\t\t<div class=\"col-lg-6 wow fadeInUp\" data-wow-delay=\".7s\">\n\t\t\t<div class=\"form-clt\">\n\t\t\t\t<p><span class=\"wpcf7-form-control-wrap\" data-name=\"your-phone\"><input size=\"40\" maxlength=\"400\" class=\"wpcf7-form-control wpcf7-tel wpcf7-validates-as-required wpcf7-text wpcf7-validates-as-tel\" id=\"name22\" aria-required=\"true\" aria-invalid=\"false\" placeholder=\"Phone Number\" value=\"\" type=\"tel\" name=\"your-phone\" \/><\/span>\n\t\t\t\t<\/p>\n\t\t\t<\/div>\n\t\t<\/div>\n\t\t<div class=\"col-lg-12 wow fadeInUp\" data-wow-delay=\".5s\">\n\t\t\t<div class=\"form-clt\">\n\t\t\t\t<p><span class=\"wpcf7-form-control-wrap\" data-name=\"your-name\"><input size=\"40\" maxlength=\"400\" class=\"wpcf7-form-control wpcf7-text wpcf7-validates-as-required\" id=\"name331\" aria-required=\"true\" aria-invalid=\"false\" placeholder=\"Enter name\" value=\"\" type=\"text\" name=\"your-name\" \/><\/span>\n\t\t\t\t<\/p>\n\t\t\t<\/div>\n\t\t<\/div>\n\t\t<div class=\"col-lg-12 wow fadeInUp\" data-wow-delay=\".9s\">\n\t\t\t<div class=\"form-clt\">\n\t\t\t\t<p><span class=\"wpcf7-form-control-wrap\" data-name=\"your-message\"><textarea cols=\"40\" rows=\"10\" maxlength=\"2000\" class=\"wpcf7-form-control wpcf7-textarea wpcf7-validates-as-required\" id=\"message1\" aria-required=\"true\" aria-invalid=\"false\" placeholder=\"Enter message...\" name=\"your-message\"><\/textarea><\/span>\n\t\t\t\t<\/p>\n\t\t\t<\/div>\n\t\t<\/div>\n\t\t<div class=\"col-lg-12 wow fadeInUp\" data-wow-delay=\".3s\">\n\t\t\t<p><button type=\"submit\" class=\"theme-btn\"><span>Send Message<\/span> <i class=\"far fa-long-arrow-right\"><\/i><\/button>\n\t\t\t<\/p>\n\t\t<\/div>\n\t<\/div>\n<\/div><div class=\"wpcf7-response-output\" aria-hidden=\"true\"><\/div>\n<input type=\"hidden\" name=\"trp-form-language\" value=\"en\"\/><\/form>\n<\/div>\n\t\t\t\t\t\t\t\t\t\t\t\t\t\t\t<\/div>\r\n\t\t\t\t\t\t<\/div>\r\n\t\t\t\t\t<\/div>\r\n\t\t\t\t<\/div>\r\n\t\t\t<\/div>\r\n\t\t<\/section>\r\n\t\t\t\t\t\t\t\t<\/div>\n\t\t\t\t<\/div>\n\t\t\t\t<\/div>\n\t\t<div class=\"elementor-element elementor-element-2b11480 e-con-full e-flex e-con e-parent\" data-id=\"2b11480\" data-element_type=\"container\" data-e-type=\"container\">\n\t\t\t\t<div class=\"elementor-element elementor-element-49a9eff elementor-widget elementor-widget-google_maps\" data-id=\"49a9eff\" data-element_type=\"widget\" data-e-type=\"widget\" data-widget_type=\"google_maps.default\">\n\t\t\t\t\t\t\t<div class=\"elementor-custom-embed\">\n\t\t\t<iframe loading=\"lazy\"\n\t\t\t\t\tsrc=\"https:\/\/maps.google.com\/maps?q=marrakech&#038;t=m&#038;z=11&#038;output=embed&#038;iwloc=near\"\n\t\t\t\t\ttitle=\"marrakech\"\n\t\t\t\t\taria-label=\"marrakech\"\n\t\t\t><\/iframe>\n\t\t<\/div>\n\t\t\t\t\t\t<\/div>\n\t\t\t\t<\/div>\n\t\t\t\t<\/div>","protected":false},"excerpt":{"rendered":"<p>Envoyer un Message Vous avez une question ? Notre site de d\u00e9collage est situ\u00e9 dans la belle campagne pr\u00e8s de Marrakech, avec des vues imprenables sur les montagnes de l&#8217;Atlas. Our Location Marrakech Phone Number +212 680800069 Send Email contact@airballoonmarrakech.com Envoyer un Message Remplissez le formulaire ci-dessous et nous vous r\u00e9pondrons dans les plus brefs&#8230;<\/p>","protected":false},"author":3,"featured_media":0,"parent":0,"menu_order":0,"comment_status":"closed","ping_status":"closed","template":"elementor_header_footer","meta":{"_monsterinsights_skip_tracking":false,"_monsterinsights_sitenote_active":false,"_monsterinsights_sitenote_note":"","_monsterinsights_sitenote_category":0,"footnotes":""},"class_list":["post-585","page","type-page","status-publish","hentry"],"aioseo_notices":[],"_hostinger_reach_plugin_has_subscription_block":false,"_hostinger_reach_plugin_is_elementor":false,"_links":{"self":[{"href":"https:\/\/airballoonmarrakech.com\/en\/wp-json\/wp\/v2\/pages\/585","targetHints":{"allow":["GET"]}}],"collection":[{"href":"https:\/\/airballoonmarrakech.com\/en\/wp-json\/wp\/v2\/pages"}],"about":[{"href":"https:\/\/airballoonmarrakech.com\/en\/wp-json\/wp\/v2\/types\/page"}],"author":[{"embeddable":true,"href":"https:\/\/airballoonmarrakech.com\/en\/wp-json\/wp\/v2\/users\/3"}],"replies":[{"embeddable":true,"href":"https:\/\/airballoonmarrakech.com\/en\/wp-json\/wp\/v2\/comments?post=585"}],"version-history":[{"count":11,"href":"https:\/\/airballoonmarrakech.com\/en\/wp-json\/wp\/v2\/pages\/585\/revisions"}],"predecessor-version":[{"id":1767,"href":"https:\/\/airballoonmarrakech.com\/en\/wp-json\/wp\/v2\/pages\/585\/revisions\/1767"}],"wp:attachment":[{"href":"https:\/\/airballoonmarrakech.com\/en\/wp-json\/wp\/v2\/media?parent=585"}],"curies":[{"name":"wp","href":"https:\/\/api.w.org\/{rel}","templated":true}]}}